{"id":7340,"date":"2023-01-16T14:29:53","date_gmt":"2023-01-16T14:29:53","guid":{"rendered":"https:\/\/donoval.it\/?post_type=product&#038;p=7340"},"modified":"2023-06-09T17:35:44","modified_gmt":"2023-06-09T15:35:44","slug":"orologio-donoval-modello-chronograph-dl0026","status":"publish","type":"product","link":"https:\/\/donoval.it\/en\/product\/orologio-donoval-modello-chronograph-dl0026\/","title":{"rendered":"Orologio Donoval Carbon Gold Chrono DL0026"},"content":{"rendered":"","protected":false},"excerpt":{"rendered":"<p>Questo modello ha cassa della dimensione di 43 mm ed \u00e8 realizzata in acciaio inossidabile con finitura mista di colore nero e forma rotonda. La cassa ha spessore di 11 mm, il vetro \u00e8 trasparente, il colore del quadrante \u00e8 nero con indici e lancette dorate e la ghiera \u00e8 in acciaio inossidabile con finitura lucida e satinata di colore nero. La distanza delle anse di questo orologio \u00e8 di 22 mm. Il cinturino \u00e8 in acciaio inossidabile con finitura mista ed \u00e8 di colore nero. La resistenza all&#8217;acqua \u00e8 di 5 atm. Tipo di orologio e movimento: quarzo\/cronografo. La referenza \u00e8 DL0026<\/p>\n","protected":false},"featured_media":7486,"template":"","meta":[],"product_cat":[86],"product_tag":[],"class_list":["post-7340","product","type-product","status-publish","has-post-thumbnail","hentry","product_cat-uomo"],"yoast_head":"<!-- This site is optimized with the Yoast SEO plugin v20.8 - https:\/\/yoast.com\/wordpress\/plugins\/seo\/ -->\n<title>Orologio Donoval Carbon Gold Chrono DL0026 - Donoval<\/title>\n<meta name=\"robots\" content=\"index, follow, max-snippet:-1, max-image-preview:large, max-video-preview:-1\" \/>\n<link rel=\"canonical\" href=\"https:\/\/donoval.it\/prodotto\/orologio-donoval-modello-chronograph-dl0026\/\" \/>\n<meta property=\"og:locale\" content=\"en_US\" \/>\n<meta property=\"og:type\" content=\"article\" \/>\n<meta property=\"og:title\" content=\"Orologio Donoval Carbon Gold Chrono DL0026 - Donoval\" \/>\n<meta property=\"og:description\" content=\"Questo modello ha cassa della dimensione di 43 mm ed \u00e8 realizzata in acciaio inossidabile con finitura mista di colore nero e forma rotonda. La cassa ha spessore di 11 mm, il vetro \u00e8 trasparente, il colore del quadrante \u00e8 nero con indici e lancette dorate e la ghiera \u00e8 in acciaio inossidabile con finitura lucida e satinata di colore nero. La distanza delle anse di questo orologio \u00e8 di 22 mm. Il cinturino \u00e8 in acciaio inossidabile con finitura mista ed \u00e8 di colore nero. La resistenza all&#039;acqua \u00e8 di 5 atm. Tipo di orologio e movimento: quarzo\/cronografo. La referenza \u00e8 DL0026\" \/>\n<meta property=\"og:url\" content=\"https:\/\/donoval.it\/prodotto\/orologio-donoval-modello-chronograph-dl0026\/\" \/>\n<meta property=\"og:site_name\" content=\"Donoval\" \/>\n<meta property=\"article:publisher\" content=\"https:\/\/www.facebook.com\/Donovalwatches\" \/>\n<meta property=\"article:modified_time\" content=\"2023-06-09T15:35:44+00:00\" \/>\n<meta property=\"og:image\" content=\"https:\/\/donoval.it\/wp-content\/uploads\/2023\/01\/orologio_donoval_DL0026_1.jpg\" \/>\n\t<meta property=\"og:image:width\" content=\"1200\" \/>\n\t<meta property=\"og:image:height\" content=\"1200\" \/>\n\t<meta property=\"og:image:type\" content=\"image\/jpeg\" \/>\n<meta name=\"twitter:card\" content=\"summary_large_image\" \/>\n<script type=\"application\/ld+json\" class=\"yoast-schema-graph\">{\"@context\":\"https:\/\/schema.org\",\"@graph\":[{\"@type\":\"WebPage\",\"@id\":\"https:\/\/donoval.it\/prodotto\/orologio-donoval-modello-chronograph-dl0026\/\",\"url\":\"https:\/\/donoval.it\/prodotto\/orologio-donoval-modello-chronograph-dl0026\/\",\"name\":\"Orologio Donoval Carbon Gold Chrono DL0026 - Donoval\",\"isPartOf\":{\"@id\":\"https:\/\/donoval.it\/#website\"},\"datePublished\":\"2023-01-16T14:29:53+00:00\",\"dateModified\":\"2023-06-09T15:35:44+00:00\",\"breadcrumb\":{\"@id\":\"https:\/\/donoval.it\/prodotto\/orologio-donoval-modello-chronograph-dl0026\/#breadcrumb\"},\"inLanguage\":\"en-US\",\"potentialAction\":[{\"@type\":\"ReadAction\",\"target\":[\"https:\/\/donoval.it\/prodotto\/orologio-donoval-modello-chronograph-dl0026\/\"]}]},{\"@type\":\"BreadcrumbList\",\"@id\":\"https:\/\/donoval.it\/prodotto\/orologio-donoval-modello-chronograph-dl0026\/#breadcrumb\",\"itemListElement\":[{\"@type\":\"ListItem\",\"position\":1,\"name\":\"Home\",\"item\":\"https:\/\/donoval.it\/\"},{\"@type\":\"ListItem\",\"position\":2,\"name\":\"Shop\",\"item\":\"https:\/\/donoval.it\/shop\/\"},{\"@type\":\"ListItem\",\"position\":3,\"name\":\"Orologio Donoval Carbon Gold Chrono DL0026\"}]},{\"@type\":\"WebSite\",\"@id\":\"https:\/\/donoval.it\/#website\",\"url\":\"https:\/\/donoval.it\/\",\"name\":\"Donoval\",\"description\":\"\",\"publisher\":{\"@id\":\"https:\/\/donoval.it\/#organization\"},\"potentialAction\":[{\"@type\":\"SearchAction\",\"target\":{\"@type\":\"EntryPoint\",\"urlTemplate\":\"https:\/\/donoval.it\/?s={search_term_string}\"},\"query-input\":\"required name=search_term_string\"}],\"inLanguage\":\"en-US\"},{\"@type\":\"Organization\",\"@id\":\"https:\/\/donoval.it\/#organization\",\"name\":\"New Vision Srl\",\"url\":\"https:\/\/donoval.it\/\",\"logo\":{\"@type\":\"ImageObject\",\"inLanguage\":\"en-US\",\"@id\":\"https:\/\/donoval.it\/#\/schema\/logo\/image\/\",\"url\":\"https:\/\/donoval.it\/wp-content\/uploads\/2022\/05\/logo-donoval.png\",\"contentUrl\":\"https:\/\/donoval.it\/wp-content\/uploads\/2022\/05\/logo-donoval.png\",\"width\":400,\"height\":65,\"caption\":\"New Vision Srl\"},\"image\":{\"@id\":\"https:\/\/donoval.it\/#\/schema\/logo\/image\/\"},\"sameAs\":[\"https:\/\/www.facebook.com\/Donovalwatches\",\"https:\/\/www.instagram.com\/donoval_watch\/\"]}]}<\/script>\n<!-- \/ Yoast SEO plugin. -->","yoast_head_json":{"title":"Orologio Donoval Carbon Gold Chrono DL0026 - Donoval","robots":{"index":"index","follow":"follow","max-snippet":"max-snippet:-1","max-image-preview":"max-image-preview:large","max-video-preview":"max-video-preview:-1"},"canonical":"https:\/\/donoval.it\/prodotto\/orologio-donoval-modello-chronograph-dl0026\/","og_locale":"en_US","og_type":"article","og_title":"Orologio Donoval Carbon Gold Chrono DL0026 - Donoval","og_description":"Questo modello ha cassa della dimensione di 43 mm ed \u00e8 realizzata in acciaio inossidabile con finitura mista di colore nero e forma rotonda. La cassa ha spessore di 11 mm, il vetro \u00e8 trasparente, il colore del quadrante \u00e8 nero con indici e lancette dorate e la ghiera \u00e8 in acciaio inossidabile con finitura lucida e satinata di colore nero. La distanza delle anse di questo orologio \u00e8 di 22 mm. Il cinturino \u00e8 in acciaio inossidabile con finitura mista ed \u00e8 di colore nero. La resistenza all'acqua \u00e8 di 5 atm. Tipo di orologio e movimento: quarzo\/cronografo. La referenza \u00e8 DL0026","og_url":"https:\/\/donoval.it\/prodotto\/orologio-donoval-modello-chronograph-dl0026\/","og_site_name":"Donoval","article_publisher":"https:\/\/www.facebook.com\/Donovalwatches","article_modified_time":"2023-06-09T15:35:44+00:00","og_image":[{"width":1200,"height":1200,"url":"https:\/\/donoval.it\/wp-content\/uploads\/2023\/01\/orologio_donoval_DL0026_1.jpg","type":"image\/jpeg"}],"twitter_card":"summary_large_image","schema":{"@context":"https:\/\/schema.org","@graph":[{"@type":"WebPage","@id":"https:\/\/donoval.it\/prodotto\/orologio-donoval-modello-chronograph-dl0026\/","url":"https:\/\/donoval.it\/prodotto\/orologio-donoval-modello-chronograph-dl0026\/","name":"Orologio Donoval Carbon Gold Chrono DL0026 - Donoval","isPartOf":{"@id":"https:\/\/donoval.it\/#website"},"datePublished":"2023-01-16T14:29:53+00:00","dateModified":"2023-06-09T15:35:44+00:00","breadcrumb":{"@id":"https:\/\/donoval.it\/prodotto\/orologio-donoval-modello-chronograph-dl0026\/#breadcrumb"},"inLanguage":"en-US","potentialAction":[{"@type":"ReadAction","target":["https:\/\/donoval.it\/prodotto\/orologio-donoval-modello-chronograph-dl0026\/"]}]},{"@type":"BreadcrumbList","@id":"https:\/\/donoval.it\/prodotto\/orologio-donoval-modello-chronograph-dl0026\/#breadcrumb","itemListElement":[{"@type":"ListItem","position":1,"name":"Home","item":"https:\/\/donoval.it\/"},{"@type":"ListItem","position":2,"name":"Shop","item":"https:\/\/donoval.it\/shop\/"},{"@type":"ListItem","position":3,"name":"Orologio Donoval Carbon Gold Chrono DL0026"}]},{"@type":"WebSite","@id":"https:\/\/donoval.it\/#website","url":"https:\/\/donoval.it\/","name":"Donoval","description":"","publisher":{"@id":"https:\/\/donoval.it\/#organization"},"potentialAction":[{"@type":"SearchAction","target":{"@type":"EntryPoint","urlTemplate":"https:\/\/donoval.it\/?s={search_term_string}"},"query-input":"required name=search_term_string"}],"inLanguage":"en-US"},{"@type":"Organization","@id":"https:\/\/donoval.it\/#organization","name":"New Vision Srl","url":"https:\/\/donoval.it\/","logo":{"@type":"ImageObject","inLanguage":"en-US","@id":"https:\/\/donoval.it\/#\/schema\/logo\/image\/","url":"https:\/\/donoval.it\/wp-content\/uploads\/2022\/05\/logo-donoval.png","contentUrl":"https:\/\/donoval.it\/wp-content\/uploads\/2022\/05\/logo-donoval.png","width":400,"height":65,"caption":"New Vision Srl"},"image":{"@id":"https:\/\/donoval.it\/#\/schema\/logo\/image\/"},"sameAs":["https:\/\/www.facebook.com\/Donovalwatches","https:\/\/www.instagram.com\/donoval_watch\/"]}]}},"_links":{"self":[{"href":"https:\/\/donoval.it\/en\/wp-json\/wp\/v2\/product\/7340","targetHints":{"allow":["GET"]}}],"collection":[{"href":"https:\/\/donoval.it\/en\/wp-json\/wp\/v2\/product"}],"about":[{"href":"https:\/\/donoval.it\/en\/wp-json\/wp\/v2\/types\/product"}],"wp:featuredmedia":[{"embeddable":true,"href":"https:\/\/donoval.it\/en\/wp-json\/wp\/v2\/media\/7486"}],"wp:attachment":[{"href":"https:\/\/donoval.it\/en\/wp-json\/wp\/v2\/media?parent=7340"}],"wp:term":[{"taxonomy":"product_cat","embeddable":true,"href":"https:\/\/donoval.it\/en\/wp-json\/wp\/v2\/product_cat?post=7340"},{"taxonomy":"product_tag","embeddable":true,"href":"https:\/\/donoval.it\/en\/wp-json\/wp\/v2\/product_tag?post=7340"}],"curies":[{"name":"wp","href":"https:\/\/api.w.org\/{rel}","templated":true}]}}